{"id":429,"date":"2025-10-16T15:19:56","date_gmt":"2025-10-16T07:19:56","guid":{"rendered":"https:\/\/qdmps.vaststarcn.com\/?post_type=product&#038;p=429"},"modified":"2025-10-16T15:19:56","modified_gmt":"2025-10-16T07:19:56","slug":"pneumatic-conveyors","status":"publish","type":"product","link":"https:\/\/www.qdmps.com\/pt\/product\/pneumatic-conveyors\/","title":{"rendered":"Transportadores pneum\u00e1ticos"},"content":{"rendered":"<p>Soprador Roots<\/p>\n<p>Transportador a\u00e9reo<\/p>\n<p>&nbsp;<\/p>","protected":false},"excerpt":{"rendered":"<p>Como um soprador rotativo cl\u00e1ssico de deslocamento positivo, o soprador Roots \u00e9 amplamente reconhecido nos setores industriais por seu desempenho superior na transmiss\u00e3o de g\u00e1s, aumento de press\u00e3o e suc\u00e7\u00e3o de press\u00e3o negativa. Originado do projeto dos irm\u00e3os engenheiros americanos Philander e Francis Roots, seu princ\u00edpio de funcionamento central se baseia em dois ou tr\u00eas rotores l\u00f3bulos sincronizados, que giram em dire\u00e7\u00f5es opostas dentro de uma carca\u00e7a usinada com precis\u00e3o para reter, deslocar e descarregar o g\u00e1s de forma cont\u00ednua e com minimiza\u00e7\u00e3o de pulsa\u00e7\u00e3o, garantindo um fluxo volum\u00e9trico est\u00e1vel mesmo sob varia\u00e7\u00f5es din\u00e2micas de press\u00e3o do sistema.<\/p>","protected":false},"featured_media":430,"template":"","meta":[],"product_brand":[],"product_cat":[24],"product_tag":[],"class_list":{"0":"post-429","1":"product","2":"type-product","3":"status-publish","4":"has-post-thumbnail","6":"product_cat-conveyors","8":"first","9":"instock","10":"shipping-taxable","11":"product-type-simple"},"_links":{"self":[{"href":"https:\/\/www.qdmps.com\/pt\/wp-json\/wp\/v2\/product\/429","targetHints":{"allow":["GET"]}}],"collection":[{"href":"https:\/\/www.qdmps.com\/pt\/wp-json\/wp\/v2\/product"}],"about":[{"href":"https:\/\/www.qdmps.com\/pt\/wp-json\/wp\/v2\/types\/product"}],"wp:featuredmedia":[{"embeddable":true,"href":"https:\/\/www.qdmps.com\/pt\/wp-json\/wp\/v2\/media\/430"}],"wp:attachment":[{"href":"https:\/\/www.qdmps.com\/pt\/wp-json\/wp\/v2\/media?parent=429"}],"wp:term":[{"taxonomy":"product_brand","embeddable":true,"href":"https:\/\/www.qdmps.com\/pt\/wp-json\/wp\/v2\/product_brand?post=429"},{"taxonomy":"product_cat","embeddable":true,"href":"https:\/\/www.qdmps.com\/pt\/wp-json\/wp\/v2\/product_cat?post=429"},{"taxonomy":"product_tag","embeddable":true,"href":"https:\/\/www.qdmps.com\/pt\/wp-json\/wp\/v2\/product_tag?post=429"}],"curies":[{"name":"wp","href":"https:\/\/api.w.org\/{rel}","templated":true}]}}