{"id":365,"date":"2025-10-12T16:18:47","date_gmt":"2025-10-12T08:18:47","guid":{"rendered":"https:\/\/qdmps.vaststarcn.com\/?post_type=product&#038;p=365"},"modified":"2025-10-15T12:19:09","modified_gmt":"2025-10-15T04:19:09","slug":"bucket-elevators","status":"publish","type":"product","link":"https:\/\/www.qdmps.com\/pt\/product\/bucket-elevators\/","title":{"rendered":"Elevador de ca\u00e7amba"},"content":{"rendered":"<p>O elevador de ca\u00e7ambas \u00e9 uma m\u00e1quina de transporte cont\u00ednuo que transporta verticalmente materiais a granel. Ele consiste principalmente em uma s\u00e9rie de ca\u00e7ambas fixadas uniformemente em componentes de tra\u00e7\u00e3o sem fim, como correntes ou correias. Essas ca\u00e7ambas s\u00e3o acionadas pelos componentes de tra\u00e7\u00e3o para se moverem para cima ao longo de trilhos verticais ou inclinados, realizando assim a eleva\u00e7\u00e3o e o transporte cont\u00ednuos de materiais.<\/p>","protected":false},"excerpt":{"rendered":"<p><img fetchpriority=\"high\" decoding=\"async\" class=\"alignnone size-full wp-image-367\" src=\"https:\/\/www.qdmps.com\/wp-content\/uploads\/2025\/10\/Bucket-Elevator-Introduction.png\" alt=\"\" width=\"2048\" height=\"2048\" \/>Bucket size:1.8L\/2L\/2.5L\/3L\/3.6L\/5L\/6L\/6.5L\/8L<img fetchpriority=\"high\" decoding=\"async\" class=\"alignnone size-full wp-image-367\" src=\"https:\/\/www.qdmps.com\/wp-content\/uploads\/2025\/10\/Bucket-Elevator-Introduction.png\" alt=\"\" width=\"2048\" height=\"2048\" \/><\/p>","protected":false},"featured_media":401,"template":"","meta":[],"product_brand":[],"product_cat":[24],"product_tag":[],"class_list":{"0":"post-365","1":"product","2":"type-product","3":"status-publish","4":"has-post-thumbnail","6":"product_cat-conveyors","8":"first","9":"instock","10":"shipping-taxable","11":"product-type-simple"},"_links":{"self":[{"href":"https:\/\/www.qdmps.com\/pt\/wp-json\/wp\/v2\/product\/365","targetHints":{"allow":["GET"]}}],"collection":[{"href":"https:\/\/www.qdmps.com\/pt\/wp-json\/wp\/v2\/product"}],"about":[{"href":"https:\/\/www.qdmps.com\/pt\/wp-json\/wp\/v2\/types\/product"}],"wp:featuredmedia":[{"embeddable":true,"href":"https:\/\/www.qdmps.com\/pt\/wp-json\/wp\/v2\/media\/401"}],"wp:attachment":[{"href":"https:\/\/www.qdmps.com\/pt\/wp-json\/wp\/v2\/media?parent=365"}],"wp:term":[{"taxonomy":"product_brand","embeddable":true,"href":"https:\/\/www.qdmps.com\/pt\/wp-json\/wp\/v2\/product_brand?post=365"},{"taxonomy":"product_cat","embeddable":true,"href":"https:\/\/www.qdmps.com\/pt\/wp-json\/wp\/v2\/product_cat?post=365"},{"taxonomy":"product_tag","embeddable":true,"href":"https:\/\/www.qdmps.com\/pt\/wp-json\/wp\/v2\/product_tag?post=365"}],"curies":[{"name":"wp","href":"https:\/\/api.w.org\/{rel}","templated":true}]}}